{"id":4862,"date":"2018-03-16T08:05:36","date_gmt":"2018-03-16T08:05:36","guid":{"rendered":"http:\/\/capethemes.com\/demo\/dotorg\/?page_id=4862"},"modified":"2019-11-23T16:44:00","modified_gmt":"2019-11-23T16:44:00","slug":"about-us","status":"publish","type":"page","link":"https:\/\/bioarca.org\/es\/about-us\/","title":{"rendered":"Pen\u00ednsula de Osa"},"content":{"rendered":"<div data-elementor-type=\"wp-page\" data-elementor-id=\"4862\" class=\"elementor elementor-4862\">\n\t\t\t\t\t\t<section class=\"elementor-section elementor-top-section elementor-element elementor-element-df5c0f0 elementor-section-boxed elementor-section-height-default elementor-section-height-default\" data-id=\"df5c0f0\" data-element_type=\"section\" data-e-type=\"section\" data-settings=\"{&quot;background_background&quot;:&quot;classic&quot;}\">\n\t\t\t\t\t\t\t<div class=\"elementor-background-overlay\"><\/div>\n\t\t\t\t\t\t\t<div class=\"elementor-container elementor-column-gap-wide\">\n\t\t\t\t\t<div class=\"elementor-column elementor-col-100 elementor-top-column elementor-element elementor-element-9f2f802\" data-id=\"9f2f802\" data-element_type=\"column\" data-e-type=\"column\">\n\t\t\t<div class=\"elementor-widget-wrap elementor-element-populated\">\n\t\t\t\t\t\t<div class=\"elementor-element elementor-element-2c0160c elementor-widget elementor-widget-heading\" data-id=\"2c0160c\" data-element_type=\"widget\" data-e-type=\"widget\" data-widget_type=\"heading.default\">\n\t\t\t\t<div class=\"elementor-widget-container\">\n\t\t\t\t\t<h1 class=\"elementor-heading-title elementor-size-xxl\">Pen\u00ednsula de Osa<\/h1>\t\t\t\t<\/div>\n\t\t\t\t<\/div>\n\t\t\t\t<section class=\"elementor-section elementor-inner-section elementor-element elementor-element-59afd0f elementor-section-boxed elementor-section-height-default elementor-section-height-default\" data-id=\"59afd0f\" data-element_type=\"section\" data-e-type=\"section\">\n\t\t\t\t\t\t<div class=\"elementor-container elementor-column-gap-no\">\n\t\t\t\t\t<div class=\"elementor-column elementor-col-50 elementor-inner-column elementor-element elementor-element-b46cba2\" data-id=\"b46cba2\" data-element_type=\"column\" data-e-type=\"column\">\n\t\t\t<div class=\"elementor-widget-wrap elementor-element-populated\">\n\t\t\t\t\t\t<div class=\"elementor-element elementor-element-7f868a8 elementor-widget elementor-widget-heading\" data-id=\"7f868a8\" data-element_type=\"widget\" data-e-type=\"widget\" data-widget_type=\"heading.default\">\n\t\t\t\t<div class=\"elementor-widget-container\">\n\t\t\t\t\t<h2 class=\"elementor-heading-title elementor-size-default\">Al adentrarse en el mar en el extremo sur de la costa del Pac\u00edfico de Costa Rica, la Pen\u00ednsula de Osa sigue siendo uno de los destinos m\u00e1s remotos del pa\u00eds.<\/h2>\t\t\t\t<\/div>\n\t\t\t\t<\/div>\n\t\t\t\t\t<\/div>\n\t\t<\/div>\n\t\t\t\t<div class=\"elementor-column elementor-col-50 elementor-inner-column elementor-element elementor-element-db15515\" data-id=\"db15515\" data-element_type=\"column\" data-e-type=\"column\">\n\t\t\t<div class=\"elementor-widget-wrap\">\n\t\t\t\t\t\t\t<\/div>\n\t\t<\/div>\n\t\t\t\t\t<\/div>\n\t\t<\/section>\n\t\t\t\t\t<\/div>\n\t\t<\/div>\n\t\t\t\t\t<\/div>\n\t\t<\/section>\n\t\t\t\t<section class=\"elementor-section elementor-top-section elementor-element elementor-element-10ae4c9 elementor-section-boxed elementor-section-height-default elementor-section-height-default\" data-id=\"10ae4c9\" data-element_type=\"section\" data-e-type=\"section\" data-settings=\"{&quot;background_background&quot;:&quot;classic&quot;}\">\n\t\t\t\t\t\t<div class=\"elementor-container elementor-column-gap-wide\">\n\t\t\t\t\t<div class=\"elementor-column elementor-col-33 elementor-top-column elementor-element elementor-element-0664879\" data-id=\"0664879\" data-element_type=\"column\" data-e-type=\"column\">\n\t\t\t<div class=\"elementor-widget-wrap elementor-element-populated\">\n\t\t\t\t\t\t<div class=\"elementor-element elementor-element-3478586 elementor-widget elementor-widget-text-editor\" data-id=\"3478586\" data-element_type=\"widget\" data-e-type=\"widget\" data-widget_type=\"text-editor.default\">\n\t\t\t\t<div class=\"elementor-widget-container\">\n\t\t\t\t\t\t\t\t\t<p>La pen\u00ednsula de Osa es una pen\u00ednsula de Costa Rica localizada en la costa suroeste del oc\u00e9ano Pac\u00edfico, limitada por la bah\u00eda de Coronado al norte y golfo Dulce al sur. Administrativamente, la pen\u00ednsula se encuentra al sur de la provincia de Puntarenas. Es, junto con la pen\u00ednsula de Nicoya una de las dos pen\u00ednsulas m\u00e1s importantes del pa\u00eds.<\/p>\t\t\t\t\t\t\t\t<\/div>\n\t\t\t\t<\/div>\n\t\t\t\t\t<\/div>\n\t\t<\/div>\n\t\t\t\t<div class=\"elementor-column elementor-col-33 elementor-top-column elementor-element elementor-element-23bd0ee\" data-id=\"23bd0ee\" data-element_type=\"column\" data-e-type=\"column\">\n\t\t\t<div class=\"elementor-widget-wrap elementor-element-populated\">\n\t\t\t\t\t\t<div class=\"elementor-element elementor-element-96b6ef0 elementor-widget elementor-widget-text-editor\" data-id=\"96b6ef0\" data-element_type=\"widget\" data-e-type=\"widget\" data-widget_type=\"text-editor.default\">\n\t\t\t\t<div class=\"elementor-widget-container\">\n\t\t\t\t\t\t\t\t\t<p>A pesar de ser una zona de extensi\u00f3n relativamente peque\u00f1a, en ella se encuentran un gran n\u00famero de h\u00e1bitats tropicales: bosques lluviosos, humedales costeros, bosques de monta\u00f1a, etc. En esta regi\u00f3n se ha establecido el famoso parque nacional Corcovado, que constituye el \u00e1rea protegida m\u00e1s grande de Costa Rica y que, seg\u00fan la National Geographic es \u00abel \u00e1rea biol\u00f3gicamente activa m\u00e1s intensa del mundo\u00bb, en realidad se trata de uno de los lugares con mayor biodiversidad del planeta. Desde la d\u00e9cada de los a\u00f1os 1970, en que se fund\u00f3 el parque, diversas autoridades costarricenses y extranjeras trabajan en conjunto para brindar protecci\u00f3n a los recursos naturales que se engloban en esta estrat\u00e9gica pen\u00ednsula.<\/p>\t\t\t\t\t\t\t\t<\/div>\n\t\t\t\t<\/div>\n\t\t\t\t\t<\/div>\n\t\t<\/div>\n\t\t\t\t<div class=\"elementor-column elementor-col-33 elementor-top-column elementor-element elementor-element-7c62fe7\" data-id=\"7c62fe7\" data-element_type=\"column\" data-e-type=\"column\">\n\t\t\t<div class=\"elementor-widget-wrap elementor-element-populated\">\n\t\t\t\t\t\t<div class=\"elementor-element elementor-element-91b65ab elementor-widget elementor-widget-image\" data-id=\"91b65ab\" data-element_type=\"widget\" data-e-type=\"widget\" data-widget_type=\"image.default\">\n\t\t\t\t<div class=\"elementor-widget-container\">\n\t\t\t\t\t\t\t\t\t\t\t\t\t\t\t<img fetchpriority=\"high\" decoding=\"async\" width=\"300\" height=\"188\" src=\"https:\/\/i0.wp.com\/bioarca.org\/wp-content\/uploads\/2018\/03\/turtle-863336.jpg?fit=300%2C188&amp;ssl=1\" class=\"attachment-medium size-medium wp-image-4794\" alt=\"\" srcset=\"https:\/\/i0.wp.com\/bioarca.org\/wp-content\/uploads\/2018\/03\/turtle-863336.jpg?w=1920&amp;ssl=1 1920w, https:\/\/i0.wp.com\/bioarca.org\/wp-content\/uploads\/2018\/03\/turtle-863336.jpg?resize=300%2C188&amp;ssl=1 300w, https:\/\/i0.wp.com\/bioarca.org\/wp-content\/uploads\/2018\/03\/turtle-863336.jpg?resize=768%2C480&amp;ssl=1 768w, https:\/\/i0.wp.com\/bioarca.org\/wp-content\/uploads\/2018\/03\/turtle-863336.jpg?resize=1024%2C640&amp;ssl=1 1024w, https:\/\/i0.wp.com\/bioarca.org\/wp-content\/uploads\/2018\/03\/turtle-863336.jpg?resize=758%2C474&amp;ssl=1 758w, https:\/\/i0.wp.com\/bioarca.org\/wp-content\/uploads\/2018\/03\/turtle-863336.jpg?w=1500&amp;ssl=1 1500w\" sizes=\"(max-width: 300px) 100vw, 300px\" \/>\t\t\t\t\t\t\t\t\t\t\t\t\t\t\t<\/div>\n\t\t\t\t<\/div>\n\t\t\t\t\t<\/div>\n\t\t<\/div>\n\t\t\t\t\t<\/div>\n\t\t<\/section>\n\t\t\t\t<section class=\"elementor-section elementor-top-section elementor-element elementor-element-3570164 elementor-section-boxed elementor-section-height-default elementor-section-height-default\" data-id=\"3570164\" data-element_type=\"section\" data-e-type=\"section\">\n\t\t\t\t\t\t<div class=\"elementor-container elementor-column-gap-wider\">\n\t\t\t\t\t<div class=\"elementor-column elementor-col-33 elementor-top-column elementor-element elementor-element-85c0e61\" data-id=\"85c0e61\" data-element_type=\"column\" data-e-type=\"column\" data-settings=\"{&quot;background_background&quot;:&quot;classic&quot;}\">\n\t\t\t<div class=\"elementor-widget-wrap elementor-element-populated\">\n\t\t\t\t\t\t<div class=\"elementor-element elementor-element-68098b7 elementor-widget elementor-widget-heading\" data-id=\"68098b7\" data-element_type=\"widget\" data-e-type=\"widget\" data-widget_type=\"heading.default\">\n\t\t\t\t<div class=\"elementor-widget-container\">\n\t\t\t\t\t<h2 class=\"elementor-heading-title elementor-size-large\">Tenemos un gran equipo<\/h2>\t\t\t\t<\/div>\n\t\t\t\t<\/div>\n\t\t\t\t<div class=\"elementor-element elementor-element-5b07439 elementor-widget elementor-widget-text-editor\" data-id=\"5b07439\" data-element_type=\"widget\" data-e-type=\"widget\" data-widget_type=\"text-editor.default\">\n\t\t\t\t<div class=\"elementor-widget-container\">\n\t\t\t\t\t\t\t\t\t<p>Our Board of Directors come from a variety of professional backgrounds from across the world.<\/p><p>We aim to establish strategic partnerships with the world\u2019s most experienced and committed conservationists.<\/p>\t\t\t\t\t\t\t\t<\/div>\n\t\t\t\t<\/div>\n\t\t\t\t\t<\/div>\n\t\t<\/div>\n\t\t\t\t<div class=\"elementor-column elementor-col-33 elementor-top-column elementor-element elementor-element-d1a4a6e\" data-id=\"d1a4a6e\" data-element_type=\"column\" data-e-type=\"column\">\n\t\t\t<div class=\"elementor-widget-wrap elementor-element-populated\">\n\t\t\t\t\t\t<div class=\"elementor-element elementor-element-2a11d12 elementor-position-top elementor-widget elementor-widget-image-box\" data-id=\"2a11d12\" data-element_type=\"widget\" data-e-type=\"widget\" data-widget_type=\"image-box.default\">\n\t\t\t\t<div class=\"elementor-widget-container\">\n\t\t\t\t\t<div class=\"elementor-image-box-wrapper\"><figure class=\"elementor-image-box-img\"><img decoding=\"async\" width=\"750\" height=\"500\" src=\"https:\/\/i0.wp.com\/bioarca.org\/wp-content\/uploads\/2017\/02\/pillow-791696_1920.jpg?fit=750%2C500&amp;ssl=1\" class=\"attachment-medium_large size-medium_large wp-image-4563\" alt=\"\" srcset=\"https:\/\/i0.wp.com\/bioarca.org\/wp-content\/uploads\/2017\/02\/pillow-791696_1920.jpg?w=1920&amp;ssl=1 1920w, https:\/\/i0.wp.com\/bioarca.org\/wp-content\/uploads\/2017\/02\/pillow-791696_1920.jpg?resize=300%2C200&amp;ssl=1 300w, https:\/\/i0.wp.com\/bioarca.org\/wp-content\/uploads\/2017\/02\/pillow-791696_1920.jpg?resize=768%2C512&amp;ssl=1 768w, https:\/\/i0.wp.com\/bioarca.org\/wp-content\/uploads\/2017\/02\/pillow-791696_1920.jpg?resize=1024%2C683&amp;ssl=1 1024w, https:\/\/i0.wp.com\/bioarca.org\/wp-content\/uploads\/2017\/02\/pillow-791696_1920.jpg?resize=758%2C505&amp;ssl=1 758w, https:\/\/i0.wp.com\/bioarca.org\/wp-content\/uploads\/2017\/02\/pillow-791696_1920.jpg?w=1500&amp;ssl=1 1500w\" sizes=\"(max-width: 750px) 100vw, 750px\" \/><\/figure><div class=\"elementor-image-box-content\"><h3 class=\"elementor-image-box-title\">  Dustin Bartok<\/h3><p class=\"elementor-image-box-description\">Founder &amp; Director<\/p><\/div><\/div>\t\t\t\t<\/div>\n\t\t\t\t<\/div>\n\t\t\t\t\t<\/div>\n\t\t<\/div>\n\t\t\t\t<div class=\"elementor-column elementor-col-33 elementor-top-column elementor-element elementor-element-e7d7967\" data-id=\"e7d7967\" data-element_type=\"column\" data-e-type=\"column\">\n\t\t\t<div class=\"elementor-widget-wrap elementor-element-populated\">\n\t\t\t\t\t\t<div class=\"elementor-element elementor-element-c767662 elementor-position-top elementor-widget elementor-widget-image-box\" data-id=\"c767662\" data-element_type=\"widget\" data-e-type=\"widget\" data-widget_type=\"image-box.default\">\n\t\t\t\t<div class=\"elementor-widget-container\">\n\t\t\t\t\t<div class=\"elementor-image-box-wrapper\"><figure class=\"elementor-image-box-img\"><img decoding=\"async\" width=\"750\" height=\"500\" src=\"https:\/\/i0.wp.com\/bioarca.org\/wp-content\/uploads\/2017\/02\/pillow-791696_1920.jpg?fit=750%2C500&amp;ssl=1\" class=\"attachment-large size-large wp-image-4563\" alt=\"\" srcset=\"https:\/\/i0.wp.com\/bioarca.org\/wp-content\/uploads\/2017\/02\/pillow-791696_1920.jpg?w=1920&amp;ssl=1 1920w, https:\/\/i0.wp.com\/bioarca.org\/wp-content\/uploads\/2017\/02\/pillow-791696_1920.jpg?resize=300%2C200&amp;ssl=1 300w, https:\/\/i0.wp.com\/bioarca.org\/wp-content\/uploads\/2017\/02\/pillow-791696_1920.jpg?resize=768%2C512&amp;ssl=1 768w, https:\/\/i0.wp.com\/bioarca.org\/wp-content\/uploads\/2017\/02\/pillow-791696_1920.jpg?resize=1024%2C683&amp;ssl=1 1024w, https:\/\/i0.wp.com\/bioarca.org\/wp-content\/uploads\/2017\/02\/pillow-791696_1920.jpg?resize=758%2C505&amp;ssl=1 758w, https:\/\/i0.wp.com\/bioarca.org\/wp-content\/uploads\/2017\/02\/pillow-791696_1920.jpg?w=1500&amp;ssl=1 1500w\" sizes=\"(max-width: 750px) 100vw, 750px\" \/><\/figure><div class=\"elementor-image-box-content\"><h3 class=\"elementor-image-box-title\">Richard Logan<\/h3><p class=\"elementor-image-box-description\">Co-Founder<\/p><\/div><\/div>\t\t\t\t<\/div>\n\t\t\t\t<\/div>\n\t\t\t\t\t<\/div>\n\t\t<\/div>\n\t\t\t\t\t<\/div>\n\t\t<\/section>\n\t\t\t\t<\/div>","protected":false},"excerpt":{"rendered":"<p>The Osa Peninsula Jutting into the sea at the southern end of Costa Rica\u2019s Pacific coast, the Osa Peninsula remains one of the country\u2019s most remote destinations. The&nbsp;Osa Peninsula&nbsp;(Spanish:&nbsp;Pen\u00ednsula de Osa) is a&nbsp;peninsula&nbsp;located in southwestern&nbsp;Costa Rica, in the&nbsp;Puntarenas Province, with the&nbsp;Pacific Ocean&nbsp;to the west and the&nbsp;Golfo Dulce&nbsp;to the east. The peninsula was formed&nbsp;geologically&nbsp;by a&nbsp;faulting&nbsp;system that &hellip;<\/p>","protected":false},"author":2,"featured_media":0,"parent":0,"menu_order":0,"comment_status":"closed","ping_status":"closed","template":"homepage.php","meta":{"give_campaign_id":0,"nf_dc_page":"","om_disable_all_campaigns":false,"_monsterinsights_skip_tracking":false,"_monsterinsights_sitenote_active":false,"_monsterinsights_sitenote_note":"","_monsterinsights_sitenote_category":0,"ngg_post_thumbnail":0,"footnotes":""},"class_list":["post-4862","page","type-page","status-publish","hentry"],"aioseo_notices":[],"campaignId":"","jetpack_sharing_enabled":true,"_links":{"self":[{"href":"https:\/\/bioarca.org\/es\/wp-json\/wp\/v2\/pages\/4862","targetHints":{"allow":["GET"]}}],"collection":[{"href":"https:\/\/bioarca.org\/es\/wp-json\/wp\/v2\/pages"}],"about":[{"href":"https:\/\/bioarca.org\/es\/wp-json\/wp\/v2\/types\/page"}],"author":[{"embeddable":true,"href":"https:\/\/bioarca.org\/es\/wp-json\/wp\/v2\/users\/2"}],"replies":[{"embeddable":true,"href":"https:\/\/bioarca.org\/es\/wp-json\/wp\/v2\/comments?post=4862"}],"version-history":[{"count":5,"href":"https:\/\/bioarca.org\/es\/wp-json\/wp\/v2\/pages\/4862\/revisions"}],"predecessor-version":[{"id":4966,"href":"https:\/\/bioarca.org\/es\/wp-json\/wp\/v2\/pages\/4862\/revisions\/4966"}],"wp:attachment":[{"href":"https:\/\/bioarca.org\/es\/wp-json\/wp\/v2\/media?parent=4862"}],"curies":[{"name":"wp","href":"https:\/\/api.w.org\/{rel}","templated":true}]}}